{"id":3,"date":"2023-05-04T07:33:25","date_gmt":"2023-05-04T07:33:25","guid":{"rendered":"https:\/\/www.niled.es\/?page_id=3"},"modified":"2026-03-05T10:09:20","modified_gmt":"2026-03-05T10:09:20","slug":"politicas-de-calidad","status":"publish","type":"page","link":"https:\/\/www.niled.es\/en\/politicas-de-calidad\/","title":{"rendered":"Integrated Quality and Enviromental Policy"},"content":{"rendered":"<div data-elementor-type=\"wp-page\" data-elementor-id=\"3\" class=\"elementor elementor-3\" data-elementor-post-type=\"page\">\n\t\t\t\t\t\t<section class=\"elementor-section elementor-top-section elementor-element elementor-element-2ecfa97e elementor-section-boxed elementor-section-height-default elementor-section-height-default\" data-id=\"2ecfa97e\" data-element_type=\"section\" data-e-type=\"section\" data-settings=\"{&quot;jet_parallax_layout_list&quot;:[]}\">\n\t\t\t\t\t\t<div class=\"elementor-container elementor-column-gap-custom\">\n\t\t\t\t\t<div class=\"elementor-column elementor-col-100 elementor-top-column elementor-element elementor-element-461ca597\" data-id=\"461ca597\" data-element_type=\"column\" data-e-type=\"column\">\n\t\t\t<div class=\"elementor-widget-wrap elementor-element-populated\">\n\t\t\t\t\t\t<div class=\"elementor-element elementor-element-242b14bd elementor-widget elementor-widget-text-editor\" data-id=\"242b14bd\" data-element_type=\"widget\" data-e-type=\"widget\" data-widget_type=\"text-editor.default\">\n\t\t\t\t<div class=\"elementor-widget-container\">\n\t\t\t\t\t\t\t\t\t<div>NILED s.a.e. focuses its management on customer satisfaction, environmental protection, and continuous improvement of its performance, committing to integrating <strong>Quality and the Environment<\/strong> into all its industrial activities. <br>\nTo this end, we make the following commitments:<\/div>\n<ul>\n<li>Ensure that our products comply with applicable legal and regulatory requirements, as well as specific\ncustomer requirements.<\/li>\n<li>Maintain and continuously improve the quality level of our products and processes.<\/li>\n<li>Establish collaborative relationships with our suppliers to guarantee the quality of the raw materials\nsupplied and the services contracted.<\/li>\n<li>Prevent pollution through the efficient use of resources and the reduction of environmental impacts\nresulting from our activities.<\/li>\n<li>Promote waste reduction, efficient energy consumption, and the marketing of environmentally friendly\nproducts.<\/li>\n<li>Ensure the management and control of significant environmental aspects, reducing risks to\nemployees, the community, and the environment.<\/li>\n<li>Strictly comply with applicable legislation, as well as other requirements that the organization may\nsubscribe to in terms of quality and the environment.<\/li>\n<li>Provide the necessary resources to ensure the implementation, control, and continuous improvement\nof the integrated management system.<\/li>\n<li>Promote motivation, competence, and participation among all employees as a key element in\nachieving quality and environmental protection.<\/li>\n<\/ul>\t\t\t\t\t\t\t\t<\/div>\n\t\t\t\t<\/div>\n\t\t\t\t<div class=\"elementor-element elementor-element-a714960 elementor-widget elementor-widget-text-editor\" data-id=\"a714960\" data-element_type=\"widget\" data-e-type=\"widget\" data-widget_type=\"text-editor.default\">\n\t\t\t\t<div class=\"elementor-widget-container\">\n\t\t\t\t\t\t\t\t\t<div>\n<p>This policy provides a framework for establishing and periodically reviewing quality and environmental\nobjectives, ensuring alignment with the company's strategy, organizational context, and the needs and\nexpectations of stakeholders.<\/p>\n<\/div>\t\t\t\t\t\t\t\t<\/div>\n\t\t\t\t<\/div>\n\t\t\t\t<div class=\"elementor-element elementor-element-0ee985a elementor-widget elementor-widget-text-editor\" data-id=\"0ee985a\" data-element_type=\"widget\" data-e-type=\"widget\" data-widget_type=\"text-editor.default\">\n\t\t\t\t<div class=\"elementor-widget-container\">\n\t\t\t\t\t\t\t\t\t<p>Last revision: February, 2026<\/p>\t\t\t\t\t\t\t\t<\/div>\n\t\t\t\t<\/div>\n\t\t\t\t\t<\/div>\n\t\t<\/div>\n\t\t\t\t\t<\/div>\n\t\t<\/section>\n\t\t\t\t<\/div>","protected":false},"excerpt":{"rendered":"<p>NILED s.a.e. orienta su gesti\u00f3n hacia la satisfacci\u00f3n de sus clientes, la protecci\u00f3n del medio ambiente y la mejora continua de su desempe\u00f1o, comprometi\u00e9ndose a integrar la Calidad y el Medio Ambiente en toda su actividad industrial. Para ello, establecemos los siguientes compromisos: Asegurar que nuestros productos cumplen los requisitos legales y reglamentarios aplicables, as\u00ed [&hellip;]<\/p>\n","protected":false},"author":2,"featured_media":0,"parent":0,"menu_order":9,"comment_status":"closed","ping_status":"closed","template":"elementor_header_footer","meta":{"footnotes":""},"class_list":["post-3","page","type-page","status-publish","hentry"],"_links":{"self":[{"href":"https:\/\/www.niled.es\/en\/wp-json\/wp\/v2\/pages\/3","targetHints":{"allow":["GET"]}}],"collection":[{"href":"https:\/\/www.niled.es\/en\/wp-json\/wp\/v2\/pages"}],"about":[{"href":"https:\/\/www.niled.es\/en\/wp-json\/wp\/v2\/types\/page"}],"author":[{"embeddable":true,"href":"https:\/\/www.niled.es\/en\/wp-json\/wp\/v2\/users\/2"}],"replies":[{"embeddable":true,"href":"https:\/\/www.niled.es\/en\/wp-json\/wp\/v2\/comments?post=3"}],"version-history":[{"count":23,"href":"https:\/\/www.niled.es\/en\/wp-json\/wp\/v2\/pages\/3\/revisions"}],"predecessor-version":[{"id":9181,"href":"https:\/\/www.niled.es\/en\/wp-json\/wp\/v2\/pages\/3\/revisions\/9181"}],"wp:attachment":[{"href":"https:\/\/www.niled.es\/en\/wp-json\/wp\/v2\/media?parent=3"}],"curies":[{"name":"wp","href":"https:\/\/api.w.org\/{rel}","templated":true}]}}