{"id":8321,"date":"2023-07-07T08:55:36","date_gmt":"2023-07-07T08:55:36","guid":{"rendered":"https:\/\/www.niled.es\/?post_type=product&#038;p=8321"},"modified":"2025-10-29T14:12:37","modified_gmt":"2025-10-29T14:12:37","slug":"conectores-de-derivacion-a-perforacion-del-aislamiento","status":"publish","type":"product","link":"https:\/\/www.niled.es\/en\/product\/conectores-de-derivacion-a-perforacion-del-aislamiento\/","title":{"rendered":"CONECTORES DE DERIVACI\u00d3N A PERFORACI\u00d3N SIMULT\u00c1NEA PARA REDES A\u00c9REAS AISLADAS"},"content":{"rendered":"<p>Conector de apriete simult\u00e1neo con junta de estanqueidad, que permite conexiones en tensi\u00f3n.<\/p>","protected":false},"excerpt":{"rendered":"<p>Conector de apriete simult\u00e1neo con junta de estanqueidad, que permite conexiones en tensi\u00f3n.<\/p>","protected":false},"featured_media":8340,"comment_status":"open","ping_status":"closed","template":"","meta":[],"product_brand":[],"product_cat":[51],"product_tag":[121],"iconos-de-productos":[140],"class_list":{"0":"post-8321","1":"product","2":"type-product","3":"status-publish","4":"has-post-thumbnail","6":"product_cat-conexion","7":"product_tag-p","8":"iconos-de-productos-apriete-simultaneo","10":"first","11":"instock","12":"shipping-taxable","13":"product-type-simple"},"_links":{"self":[{"href":"https:\/\/www.niled.es\/en\/wp-json\/wp\/v2\/product\/8321","targetHints":{"allow":["GET"]}}],"collection":[{"href":"https:\/\/www.niled.es\/en\/wp-json\/wp\/v2\/product"}],"about":[{"href":"https:\/\/www.niled.es\/en\/wp-json\/wp\/v2\/types\/product"}],"replies":[{"embeddable":true,"href":"https:\/\/www.niled.es\/en\/wp-json\/wp\/v2\/comments?post=8321"}],"wp:featuredmedia":[{"embeddable":true,"href":"https:\/\/www.niled.es\/en\/wp-json\/wp\/v2\/media\/8340"}],"wp:attachment":[{"href":"https:\/\/www.niled.es\/en\/wp-json\/wp\/v2\/media?parent=8321"}],"wp:term":[{"taxonomy":"product_brand","embeddable":true,"href":"https:\/\/www.niled.es\/en\/wp-json\/wp\/v2\/product_brand?post=8321"},{"taxonomy":"product_cat","embeddable":true,"href":"https:\/\/www.niled.es\/en\/wp-json\/wp\/v2\/product_cat?post=8321"},{"taxonomy":"product_tag","embeddable":true,"href":"https:\/\/www.niled.es\/en\/wp-json\/wp\/v2\/product_tag?post=8321"},{"taxonomy":"iconos-de-productos","embeddable":true,"href":"https:\/\/www.niled.es\/en\/wp-json\/wp\/v2\/iconos-de-productos?post=8321"}],"curies":[{"name":"wp","href":"https:\/\/api.w.org\/{rel}","templated":true}]}}