{"id":8324,"date":"2023-07-10T11:18:36","date_gmt":"2023-07-10T11:18:36","guid":{"rendered":"https:\/\/www.niled.es\/?post_type=product&#038;p=8324"},"modified":"2024-10-04T11:11:46","modified_gmt":"2024-10-04T11:11:46","slug":"conector-de-derivacion-2","status":"publish","type":"product","link":"https:\/\/www.niled.es\/en\/product\/conector-de-derivacion-2\/","title":{"rendered":"Conector de Derivaci\u00f3n"},"content":{"rendered":"<p>Los conectores NILED mod. \u00abSX\u00bb, est\u00e1n formados por una estructura de soporte mec\u00e1nico fabricada en material sint\u00e9tico ign\u00edfugo libre de hal\u00f3genos y van provistas en su interior de contactos de aleaci\u00f3n bimet\u00e1lica.<br \/>\nLa conexi\u00f3n se realiza, a perforaci\u00f3n del aislante, mediante la actuaci\u00f3n de un sistema tornillo\/tuerca del tipo hexagonal, que a su vez lleva incorporado un sistema de control del par de apriete aplicado.<\/p>","protected":false},"excerpt":{"rendered":"<p>Los conectores NILED mod. \u00abSX\u00bb, est\u00e1n formados por una estructura de soporte mec\u00e1nico fabricada en material sint\u00e9tico ign\u00edfugo libre de hal\u00f3genos y van provistas en su interior de contactos de aleaci\u00f3n bimet\u00e1lica. La conexi\u00f3n se realiza, a perforaci\u00f3n del aislante, mediante la actuaci\u00f3n de un sistema tornillo\/tuerca del tipo hexagonal, que a su vez lleva [&hellip;]<\/p>\n","protected":false},"featured_media":8345,"comment_status":"open","ping_status":"closed","template":"","meta":[],"product_brand":[],"product_cat":[143,51,92],"product_tag":[125],"iconos-de-productos":[],"class_list":{"0":"post-8324","1":"product","2":"type-product","3":"status-publish","4":"has-post-thumbnail","6":"product_cat-redes-industriales","7":"product_cat-conexion","8":"product_cat-derivaciones","9":"product_tag-sx","11":"first","12":"instock","13":"shipping-taxable","14":"product-type-simple"},"_links":{"self":[{"href":"https:\/\/www.niled.es\/en\/wp-json\/wp\/v2\/product\/8324","targetHints":{"allow":["GET"]}}],"collection":[{"href":"https:\/\/www.niled.es\/en\/wp-json\/wp\/v2\/product"}],"about":[{"href":"https:\/\/www.niled.es\/en\/wp-json\/wp\/v2\/types\/product"}],"replies":[{"embeddable":true,"href":"https:\/\/www.niled.es\/en\/wp-json\/wp\/v2\/comments?post=8324"}],"wp:featuredmedia":[{"embeddable":true,"href":"https:\/\/www.niled.es\/en\/wp-json\/wp\/v2\/media\/8345"}],"wp:attachment":[{"href":"https:\/\/www.niled.es\/en\/wp-json\/wp\/v2\/media?parent=8324"}],"wp:term":[{"taxonomy":"product_brand","embeddable":true,"href":"https:\/\/www.niled.es\/en\/wp-json\/wp\/v2\/product_brand?post=8324"},{"taxonomy":"product_cat","embeddable":true,"href":"https:\/\/www.niled.es\/en\/wp-json\/wp\/v2\/product_cat?post=8324"},{"taxonomy":"product_tag","embeddable":true,"href":"https:\/\/www.niled.es\/en\/wp-json\/wp\/v2\/product_tag?post=8324"},{"taxonomy":"iconos-de-productos","embeddable":true,"href":"https:\/\/www.niled.es\/en\/wp-json\/wp\/v2\/iconos-de-productos?post=8324"}],"curies":[{"name":"wp","href":"https:\/\/api.w.org\/{rel}","templated":true}]}}