{"id":8332,"date":"2023-07-10T15:44:47","date_gmt":"2023-07-10T15:44:47","guid":{"rendered":"https:\/\/www.niled.es\/?post_type=product&#038;p=8332"},"modified":"2025-10-29T14:33:26","modified_gmt":"2025-10-29T14:33:26","slug":"manguitos-preaislados-2","status":"publish","type":"product","link":"https:\/\/www.niled.es\/en\/product\/manguitos-preaislados-2\/","title":{"rendered":"Manguitos preaislados  para redes a\u00e9reas aisladas de B.T."},"content":{"rendered":"<p>Los manguitos preaislados est\u00e1n constituidos por un tubo de aluminio, aislado en material sint\u00e9tico que incorpora en sus extremos los aros de estanqueidad.<\/p>","protected":false},"excerpt":{"rendered":"<p>Los manguitos preaislados est\u00e1n constituidos por un tubo de aluminio, aislado en material sint\u00e9tico que incorpora en sus extremos los aros de estanqueidad.<\/p>","protected":false},"featured_media":8354,"comment_status":"open","ping_status":"closed","template":"","meta":[],"product_brand":[],"product_cat":[146,147,51],"product_tag":[134],"iconos-de-productos":[100,164,178,181,182,183,187,190],"class_list":{"0":"post-8332","1":"product","2":"type-product","3":"status-publish","4":"has-post-thumbnail","6":"product_cat-empalmes","7":"product_cat-redes-aereas-b-t-m-t","8":"product_cat-conexion","9":"product_tag-mjpt","10":"iconos-de-productos-ai-cu","11":"iconos-de-productos-contactos-con-graso-neutra","12":"iconos-de-productos-patentado","13":"iconos-de-productos-resistencia-corrosion","14":"iconos-de-productos-resistencia-climatica","15":"iconos-de-productos-resistencia-dielectrica","16":"iconos-de-productos-rz","17":"iconos-de-productos-traccion-mecancia","19":"first","20":"instock","21":"shipping-taxable","22":"product-type-simple"},"_links":{"self":[{"href":"https:\/\/www.niled.es\/en\/wp-json\/wp\/v2\/product\/8332","targetHints":{"allow":["GET"]}}],"collection":[{"href":"https:\/\/www.niled.es\/en\/wp-json\/wp\/v2\/product"}],"about":[{"href":"https:\/\/www.niled.es\/en\/wp-json\/wp\/v2\/types\/product"}],"replies":[{"embeddable":true,"href":"https:\/\/www.niled.es\/en\/wp-json\/wp\/v2\/comments?post=8332"}],"wp:featuredmedia":[{"embeddable":true,"href":"https:\/\/www.niled.es\/en\/wp-json\/wp\/v2\/media\/8354"}],"wp:attachment":[{"href":"https:\/\/www.niled.es\/en\/wp-json\/wp\/v2\/media?parent=8332"}],"wp:term":[{"taxonomy":"product_brand","embeddable":true,"href":"https:\/\/www.niled.es\/en\/wp-json\/wp\/v2\/product_brand?post=8332"},{"taxonomy":"product_cat","embeddable":true,"href":"https:\/\/www.niled.es\/en\/wp-json\/wp\/v2\/product_cat?post=8332"},{"taxonomy":"product_tag","embeddable":true,"href":"https:\/\/www.niled.es\/en\/wp-json\/wp\/v2\/product_tag?post=8332"},{"taxonomy":"iconos-de-productos","embeddable":true,"href":"https:\/\/www.niled.es\/en\/wp-json\/wp\/v2\/iconos-de-productos?post=8332"}],"curies":[{"name":"wp","href":"https:\/\/api.w.org\/{rel}","templated":true}]}}