{"id":8336,"date":"2023-07-17T09:04:09","date_gmt":"2023-07-17T09:04:09","guid":{"rendered":"https:\/\/www.niled.es\/?post_type=product&#038;p=8336"},"modified":"2025-10-29T14:54:23","modified_gmt":"2025-10-29T14:54:23","slug":"manguitos-de-empalme-por-tornilleria","status":"publish","type":"product","link":"https:\/\/www.niled.es\/en\/product\/manguitos-de-empalme-por-tornilleria\/","title":{"rendered":"Manguitos de empalme por tornilleria"},"content":{"rendered":"<p>Los manguitos de empalme MET est\u00e1n fabricados en aleaci\u00f3n de aluminio esta\u00f1ada de alta resistencia mec\u00e1nica y a la corrosi\u00f3n.<\/p>\n<p><strong>*Producto certificado por AENOR.<\/strong><\/p>","protected":false},"excerpt":{"rendered":"<p>Los manguitos de empalme MET est\u00e1n fabricados en aleaci\u00f3n de aluminio esta\u00f1ada de alta resistencia mec\u00e1nica y a la corrosi\u00f3n. *Producto certificado por AENOR.<\/p>","protected":false},"featured_media":8358,"comment_status":"open","ping_status":"closed","template":"","meta":[],"product_brand":[],"product_cat":[146,148,51],"product_tag":[137],"iconos-de-productos":[100],"class_list":{"0":"post-8336","1":"product","2":"type-product","3":"status-publish","4":"has-post-thumbnail","6":"product_cat-empalmes","7":"product_cat-redes-subterraneas-b-t-m-t-empalmes","8":"product_cat-conexion","9":"product_tag-met","10":"iconos-de-productos-ai-cu","12":"first","13":"instock","14":"shipping-taxable","15":"product-type-simple"},"_links":{"self":[{"href":"https:\/\/www.niled.es\/en\/wp-json\/wp\/v2\/product\/8336","targetHints":{"allow":["GET"]}}],"collection":[{"href":"https:\/\/www.niled.es\/en\/wp-json\/wp\/v2\/product"}],"about":[{"href":"https:\/\/www.niled.es\/en\/wp-json\/wp\/v2\/types\/product"}],"replies":[{"embeddable":true,"href":"https:\/\/www.niled.es\/en\/wp-json\/wp\/v2\/comments?post=8336"}],"wp:featuredmedia":[{"embeddable":true,"href":"https:\/\/www.niled.es\/en\/wp-json\/wp\/v2\/media\/8358"}],"wp:attachment":[{"href":"https:\/\/www.niled.es\/en\/wp-json\/wp\/v2\/media?parent=8336"}],"wp:term":[{"taxonomy":"product_brand","embeddable":true,"href":"https:\/\/www.niled.es\/en\/wp-json\/wp\/v2\/product_brand?post=8336"},{"taxonomy":"product_cat","embeddable":true,"href":"https:\/\/www.niled.es\/en\/wp-json\/wp\/v2\/product_cat?post=8336"},{"taxonomy":"product_tag","embeddable":true,"href":"https:\/\/www.niled.es\/en\/wp-json\/wp\/v2\/product_tag?post=8336"},{"taxonomy":"iconos-de-productos","embeddable":true,"href":"https:\/\/www.niled.es\/en\/wp-json\/wp\/v2\/iconos-de-productos?post=8336"}],"curies":[{"name":"wp","href":"https:\/\/api.w.org\/{rel}","templated":true}]}}