{"id":8337,"date":"2023-07-17T09:09:55","date_gmt":"2023-07-17T09:09:55","guid":{"rendered":"https:\/\/www.niled.es\/?post_type=product&#038;p=8337"},"modified":"2024-03-18T11:40:40","modified_gmt":"2024-03-18T11:40:40","slug":"manguitos-de-empalme-por-tornilleria-2","status":"publish","type":"product","link":"https:\/\/www.niled.es\/en\/product\/manguitos-de-empalme-por-tornilleria-2\/","title":{"rendered":"Manguitos de empalme por tornilleria"},"content":{"rendered":"<p>Los manguitos de empalme mod. \u201cMET-K\u201d est\u00e1n fabricados en aleaci\u00f3n de aluminio de alta resistencia mec\u00e1nica y a la corrosi\u00f3n.<\/p>","protected":false},"excerpt":{"rendered":"<p>Los manguitos de empalme mod. \u201cMET-K\u201d est\u00e1n fabricados en aleaci\u00f3n de aluminio de alta resistencia mec\u00e1nica y a la corrosi\u00f3n.<\/p>","protected":false},"featured_media":8361,"comment_status":"open","ping_status":"closed","template":"","meta":[],"product_brand":[],"product_cat":[51,146,148],"product_tag":[138],"iconos-de-productos":[100,102,164,174,178],"class_list":{"0":"post-8337","1":"product","2":"type-product","3":"status-publish","4":"has-post-thumbnail","6":"product_cat-conexion","7":"product_cat-empalmes","8":"product_cat-redes-subterraneas-b-t-m-t-empalmes","9":"product_tag-met-k","10":"iconos-de-productos-ai-cu","11":"iconos-de-productos-resistente-a-la-corrosion","12":"iconos-de-productos-contactos-con-graso-neutra","13":"iconos-de-productos-subterranea","14":"iconos-de-productos-patentado","16":"first","17":"instock","18":"shipping-taxable","19":"product-type-simple"},"_links":{"self":[{"href":"https:\/\/www.niled.es\/en\/wp-json\/wp\/v2\/product\/8337","targetHints":{"allow":["GET"]}}],"collection":[{"href":"https:\/\/www.niled.es\/en\/wp-json\/wp\/v2\/product"}],"about":[{"href":"https:\/\/www.niled.es\/en\/wp-json\/wp\/v2\/types\/product"}],"replies":[{"embeddable":true,"href":"https:\/\/www.niled.es\/en\/wp-json\/wp\/v2\/comments?post=8337"}],"wp:featuredmedia":[{"embeddable":true,"href":"https:\/\/www.niled.es\/en\/wp-json\/wp\/v2\/media\/8361"}],"wp:attachment":[{"href":"https:\/\/www.niled.es\/en\/wp-json\/wp\/v2\/media?parent=8337"}],"wp:term":[{"taxonomy":"product_brand","embeddable":true,"href":"https:\/\/www.niled.es\/en\/wp-json\/wp\/v2\/product_brand?post=8337"},{"taxonomy":"product_cat","embeddable":true,"href":"https:\/\/www.niled.es\/en\/wp-json\/wp\/v2\/product_cat?post=8337"},{"taxonomy":"product_tag","embeddable":true,"href":"https:\/\/www.niled.es\/en\/wp-json\/wp\/v2\/product_tag?post=8337"},{"taxonomy":"iconos-de-productos","embeddable":true,"href":"https:\/\/www.niled.es\/en\/wp-json\/wp\/v2\/iconos-de-productos?post=8337"}],"curies":[{"name":"wp","href":"https:\/\/api.w.org\/{rel}","templated":true}]}}