{"id":8364,"date":"2023-07-20T08:12:27","date_gmt":"2023-07-20T08:12:27","guid":{"rendered":"https:\/\/www.niled.es\/?post_type=product&#038;p=8364"},"modified":"2024-10-04T10:58:12","modified_gmt":"2024-10-04T10:58:12","slug":"terminal-por-tornilleria","status":"publish","type":"product","link":"https:\/\/www.niled.es\/en\/product\/terminal-por-tornilleria\/","title":{"rendered":"Terminal por torniller\u00eda"},"content":{"rendered":"<p>Los terminales mod.TTA est\u00e1n fabricados en aleaci\u00f3n de aluminio esta\u00f1ada de alta resistencia mec\u00e1nica y a la corrosi\u00f3n.<br \/>\n<br \/><\/br><strong>*Producto certificado por AENOR.<\/strong><\/p>","protected":false},"excerpt":{"rendered":"<p>Los terminales mod.TTA est\u00e1n fabricados en aleaci\u00f3n de aluminio esta\u00f1ada de alta resistencia mec\u00e1nica y a la corrosi\u00f3n. *Producto certificado por AENOR.<\/p>","protected":false},"featured_media":8441,"comment_status":"open","ping_status":"closed","template":"","meta":[],"product_brand":[],"product_cat":[150,233],"product_tag":[153],"iconos-de-productos":[100],"class_list":{"0":"post-8364","1":"product","2":"type-product","3":"status-publish","4":"has-post-thumbnail","6":"product_cat-terminales","7":"product_cat-redes-indistriales","8":"product_tag-tta","9":"iconos-de-productos-ai-cu","11":"first","12":"instock","13":"shipping-taxable","14":"product-type-simple"},"_links":{"self":[{"href":"https:\/\/www.niled.es\/en\/wp-json\/wp\/v2\/product\/8364","targetHints":{"allow":["GET"]}}],"collection":[{"href":"https:\/\/www.niled.es\/en\/wp-json\/wp\/v2\/product"}],"about":[{"href":"https:\/\/www.niled.es\/en\/wp-json\/wp\/v2\/types\/product"}],"replies":[{"embeddable":true,"href":"https:\/\/www.niled.es\/en\/wp-json\/wp\/v2\/comments?post=8364"}],"wp:featuredmedia":[{"embeddable":true,"href":"https:\/\/www.niled.es\/en\/wp-json\/wp\/v2\/media\/8441"}],"wp:attachment":[{"href":"https:\/\/www.niled.es\/en\/wp-json\/wp\/v2\/media?parent=8364"}],"wp:term":[{"taxonomy":"product_brand","embeddable":true,"href":"https:\/\/www.niled.es\/en\/wp-json\/wp\/v2\/product_brand?post=8364"},{"taxonomy":"product_cat","embeddable":true,"href":"https:\/\/www.niled.es\/en\/wp-json\/wp\/v2\/product_cat?post=8364"},{"taxonomy":"product_tag","embeddable":true,"href":"https:\/\/www.niled.es\/en\/wp-json\/wp\/v2\/product_tag?post=8364"},{"taxonomy":"iconos-de-productos","embeddable":true,"href":"https:\/\/www.niled.es\/en\/wp-json\/wp\/v2\/iconos-de-productos?post=8364"}],"curies":[{"name":"wp","href":"https:\/\/api.w.org\/{rel}","templated":true}]}}