{"id":8377,"date":"2023-07-20T08:31:43","date_gmt":"2023-07-20T08:31:43","guid":{"rendered":"https:\/\/www.niled.es\/?post_type=product&#038;p=8377"},"modified":"2025-10-29T14:47:37","modified_gmt":"2025-10-29T14:47:37","slug":"terminal-por-tornilleria-2","status":"publish","type":"product","link":"https:\/\/www.niled.es\/en\/product\/terminal-por-tornilleria-2\/","title":{"rendered":"Terminal por torniller\u00eda"},"content":{"rendered":"<p>Los terminales mod. TTA\/2 est\u00e1n fabricados en aleaci\u00f3n de aluminio esta\u00f1ada de alta resistencia mec\u00e1nica y a la corrosi\u00f3n.<\/p>\n<p>*Producto certificado por AENOR.<\/p>","protected":false},"excerpt":{"rendered":"<p>Los terminales mod. TTA\/2 est\u00e1n fabricados en aleaci\u00f3n de aluminio esta\u00f1ada de alta resistencia mec\u00e1nica y a la corrosi\u00f3n. *Producto certificado por AENOR.<\/p>","protected":false},"featured_media":8702,"comment_status":"open","ping_status":"closed","template":"","meta":[],"product_brand":[],"product_cat":[150,152],"product_tag":[154],"iconos-de-productos":[100],"class_list":{"0":"post-8377","1":"product","2":"type-product","3":"status-publish","4":"has-post-thumbnail","6":"product_cat-terminales","7":"product_cat-redes-subterraneas-b-t-m-t-terminales","8":"product_tag-tta-2","9":"iconos-de-productos-ai-cu","11":"first","12":"instock","13":"shipping-taxable","14":"product-type-simple"},"_links":{"self":[{"href":"https:\/\/www.niled.es\/en\/wp-json\/wp\/v2\/product\/8377","targetHints":{"allow":["GET"]}}],"collection":[{"href":"https:\/\/www.niled.es\/en\/wp-json\/wp\/v2\/product"}],"about":[{"href":"https:\/\/www.niled.es\/en\/wp-json\/wp\/v2\/types\/product"}],"replies":[{"embeddable":true,"href":"https:\/\/www.niled.es\/en\/wp-json\/wp\/v2\/comments?post=8377"}],"wp:featuredmedia":[{"embeddable":true,"href":"https:\/\/www.niled.es\/en\/wp-json\/wp\/v2\/media\/8702"}],"wp:attachment":[{"href":"https:\/\/www.niled.es\/en\/wp-json\/wp\/v2\/media?parent=8377"}],"wp:term":[{"taxonomy":"product_brand","embeddable":true,"href":"https:\/\/www.niled.es\/en\/wp-json\/wp\/v2\/product_brand?post=8377"},{"taxonomy":"product_cat","embeddable":true,"href":"https:\/\/www.niled.es\/en\/wp-json\/wp\/v2\/product_cat?post=8377"},{"taxonomy":"product_tag","embeddable":true,"href":"https:\/\/www.niled.es\/en\/wp-json\/wp\/v2\/product_tag?post=8377"},{"taxonomy":"iconos-de-productos","embeddable":true,"href":"https:\/\/www.niled.es\/en\/wp-json\/wp\/v2\/iconos-de-productos?post=8377"}],"curies":[{"name":"wp","href":"https:\/\/api.w.org\/{rel}","templated":true}]}}