{"id":8452,"date":"2023-09-12T08:02:02","date_gmt":"2023-09-12T08:02:02","guid":{"rendered":"https:\/\/www.niled.es\/?post_type=product&#038;p=8452"},"modified":"2024-03-19T14:57:28","modified_gmt":"2024-03-19T14:57:28","slug":"conectores-a-perforacion-del-aislamiento","status":"publish","type":"product","link":"https:\/\/www.niled.es\/en\/product\/conectores-a-perforacion-del-aislamiento\/","title":{"rendered":"Conectores a perforaci\u00f3n del aislamiento"},"content":{"rendered":"<p>Conector de apriete simult\u00e1neo con junta de estanqueidad, que permite conexiones en tensi\u00f3n.<\/p>","protected":false},"excerpt":{"rendered":"<p>Conector de apriete simult\u00e1neo con junta de estanqueidad, que permite conexiones en tensi\u00f3n.<\/p>","protected":false},"featured_media":8453,"comment_status":"open","ping_status":"closed","template":"","meta":[],"product_brand":[],"product_cat":[51,92,93,144],"product_tag":[199],"iconos-de-productos":[100,165,179,187,188],"class_list":{"0":"post-8452","1":"product","2":"type-product","3":"status-publish","4":"has-post-thumbnail","6":"product_cat-conexion","7":"product_cat-derivaciones","8":"product_cat-redes-aereas-aisladas","9":"product_cat-redes-de-alumbrado-publico","10":"product_tag-p-4-6","11":"iconos-de-productos-ai-cu","12":"iconos-de-productos-control-del-par-de-apriete","13":"iconos-de-productos-perforacion-aislante","14":"iconos-de-productos-rz","15":"iconos-de-productos-tornilleria-sin-ptencial","17":"first","18":"instock","19":"shipping-taxable","20":"product-type-simple"},"_links":{"self":[{"href":"https:\/\/www.niled.es\/en\/wp-json\/wp\/v2\/product\/8452","targetHints":{"allow":["GET"]}}],"collection":[{"href":"https:\/\/www.niled.es\/en\/wp-json\/wp\/v2\/product"}],"about":[{"href":"https:\/\/www.niled.es\/en\/wp-json\/wp\/v2\/types\/product"}],"replies":[{"embeddable":true,"href":"https:\/\/www.niled.es\/en\/wp-json\/wp\/v2\/comments?post=8452"}],"wp:featuredmedia":[{"embeddable":true,"href":"https:\/\/www.niled.es\/en\/wp-json\/wp\/v2\/media\/8453"}],"wp:attachment":[{"href":"https:\/\/www.niled.es\/en\/wp-json\/wp\/v2\/media?parent=8452"}],"wp:term":[{"taxonomy":"product_brand","embeddable":true,"href":"https:\/\/www.niled.es\/en\/wp-json\/wp\/v2\/product_brand?post=8452"},{"taxonomy":"product_cat","embeddable":true,"href":"https:\/\/www.niled.es\/en\/wp-json\/wp\/v2\/product_cat?post=8452"},{"taxonomy":"product_tag","embeddable":true,"href":"https:\/\/www.niled.es\/en\/wp-json\/wp\/v2\/product_tag?post=8452"},{"taxonomy":"iconos-de-productos","embeddable":true,"href":"https:\/\/www.niled.es\/en\/wp-json\/wp\/v2\/iconos-de-productos?post=8452"}],"curies":[{"name":"wp","href":"https:\/\/api.w.org\/{rel}","templated":true}]}}