{"id":8531,"date":"2023-09-18T19:48:45","date_gmt":"2023-09-18T19:48:45","guid":{"rendered":"https:\/\/www.niled.es\/?post_type=product&#038;p=8531"},"modified":"2024-05-21T11:17:00","modified_gmt":"2024-05-21T11:17:00","slug":"ct","status":"publish","type":"product","link":"https:\/\/www.niled.es\/en\/product\/ct\/","title":{"rendered":"CT"},"content":{"rendered":"<p><strong>CAPUCHONES TERMORETR\u00c1CTILES<\/strong><br \/>\n<br \/>\n<\/br><br \/>\nLos capuchones termoretr\u00e1ctiles CT, est\u00e1n fabricados en material sint\u00e9tico de color negro, con revestimiento interno de adhesivo, en base a la t\u00e9cnica termo retractable que se fundamenta en la contrataci\u00f3n por cable.<br \/>\nPara la presurizaci\u00f3n de cables, los modelos CT-V incorporan una v\u00e1lvula provista de racor universal para la inyecci\u00f3n del gas.<br \/>\nAislamiento temporal o permanente en externos de cables de tensi\u00f3n asignada 0,6 \/ 1 KV AC o 1,5 KV DC, con objeto de proporcionar protecci\u00f3n y estanqueidad a la entrada de humedad.<\/p>","protected":false},"excerpt":{"rendered":"<p>CAPUCHONES TERMORETR\u00c1CTILES Los capuchones termoretr\u00e1ctiles CT, est\u00e1n fabricados en material sint\u00e9tico de color negro, con revestimiento interno de adhesivo, en base a la t\u00e9cnica termo retractable que se fundamenta en la contrataci\u00f3n por cable. Para la presurizaci\u00f3n de cables, los modelos CT-V incorporan una v\u00e1lvula provista de racor universal para la inyecci\u00f3n del gas. Aislamiento [&hellip;]<\/p>\n","protected":false},"featured_media":8532,"comment_status":"open","ping_status":"closed","template":"","meta":[],"product_brand":[],"product_cat":[89,109,211],"product_tag":[],"iconos-de-productos":[],"class_list":{"0":"post-8531","1":"product","2":"type-product","3":"status-publish","4":"has-post-thumbnail","6":"product_cat-accesorios","7":"product_cat-aislamiento","8":"product_cat-termoretractables","10":"first","11":"instock","12":"shipping-taxable","13":"product-type-simple"},"_links":{"self":[{"href":"https:\/\/www.niled.es\/en\/wp-json\/wp\/v2\/product\/8531","targetHints":{"allow":["GET"]}}],"collection":[{"href":"https:\/\/www.niled.es\/en\/wp-json\/wp\/v2\/product"}],"about":[{"href":"https:\/\/www.niled.es\/en\/wp-json\/wp\/v2\/types\/product"}],"replies":[{"embeddable":true,"href":"https:\/\/www.niled.es\/en\/wp-json\/wp\/v2\/comments?post=8531"}],"wp:featuredmedia":[{"embeddable":true,"href":"https:\/\/www.niled.es\/en\/wp-json\/wp\/v2\/media\/8532"}],"wp:attachment":[{"href":"https:\/\/www.niled.es\/en\/wp-json\/wp\/v2\/media?parent=8531"}],"wp:term":[{"taxonomy":"product_brand","embeddable":true,"href":"https:\/\/www.niled.es\/en\/wp-json\/wp\/v2\/product_brand?post=8531"},{"taxonomy":"product_cat","embeddable":true,"href":"https:\/\/www.niled.es\/en\/wp-json\/wp\/v2\/product_cat?post=8531"},{"taxonomy":"product_tag","embeddable":true,"href":"https:\/\/www.niled.es\/en\/wp-json\/wp\/v2\/product_tag?post=8531"},{"taxonomy":"iconos-de-productos","embeddable":true,"href":"https:\/\/www.niled.es\/en\/wp-json\/wp\/v2\/iconos-de-productos?post=8531"}],"curies":[{"name":"wp","href":"https:\/\/api.w.org\/{rel}","templated":true}]}}