{"id":8535,"date":"2023-09-18T19:57:05","date_gmt":"2023-09-18T19:57:05","guid":{"rendered":"https:\/\/www.niled.es\/?post_type=product&#038;p=8535"},"modified":"2024-05-21T13:09:20","modified_gmt":"2024-05-21T13:09:20","slug":"tt","status":"publish","type":"product","link":"https:\/\/www.niled.es\/en\/product\/tt\/","title":{"rendered":"TT"},"content":{"rendered":"<p><strong>TUBOS TERMORETR\u00c1CTILES<\/strong><br \/>\n<br \/>\n<\/br><br \/>\nLos tubos TT est\u00e1n fabricados en material sint\u00e9tico con adhesivo interior en base a la t\u00e9cnica termo retractable que se fundamenta en la contrataci\u00f3n por calor.<br \/>\n &#8211; Aislamiento de conexiones, con objeto de proporcionar protecci\u00f3n y estanqueidad a la entrada de humedad. <\/p>","protected":false},"excerpt":{"rendered":"<p>TUBOS TERMORETR\u00c1CTILES Los tubos TT est\u00e1n fabricados en material sint\u00e9tico con adhesivo interior en base a la t\u00e9cnica termo retractable que se fundamenta en la contrataci\u00f3n por calor. &#8211; Aislamiento de conexiones, con objeto de proporcionar protecci\u00f3n y estanqueidad a la entrada de humedad.<\/p>","protected":false},"featured_media":8537,"comment_status":"open","ping_status":"closed","template":"","meta":[],"product_brand":[],"product_cat":[89,109,211],"product_tag":[],"iconos-de-productos":[],"class_list":{"0":"post-8535","1":"product","2":"type-product","3":"status-publish","4":"has-post-thumbnail","6":"product_cat-accesorios","7":"product_cat-aislamiento","8":"product_cat-termoretractables","10":"first","11":"instock","12":"shipping-taxable","13":"product-type-simple"},"_links":{"self":[{"href":"https:\/\/www.niled.es\/en\/wp-json\/wp\/v2\/product\/8535","targetHints":{"allow":["GET"]}}],"collection":[{"href":"https:\/\/www.niled.es\/en\/wp-json\/wp\/v2\/product"}],"about":[{"href":"https:\/\/www.niled.es\/en\/wp-json\/wp\/v2\/types\/product"}],"replies":[{"embeddable":true,"href":"https:\/\/www.niled.es\/en\/wp-json\/wp\/v2\/comments?post=8535"}],"wp:featuredmedia":[{"embeddable":true,"href":"https:\/\/www.niled.es\/en\/wp-json\/wp\/v2\/media\/8537"}],"wp:attachment":[{"href":"https:\/\/www.niled.es\/en\/wp-json\/wp\/v2\/media?parent=8535"}],"wp:term":[{"taxonomy":"product_brand","embeddable":true,"href":"https:\/\/www.niled.es\/en\/wp-json\/wp\/v2\/product_brand?post=8535"},{"taxonomy":"product_cat","embeddable":true,"href":"https:\/\/www.niled.es\/en\/wp-json\/wp\/v2\/product_cat?post=8535"},{"taxonomy":"product_tag","embeddable":true,"href":"https:\/\/www.niled.es\/en\/wp-json\/wp\/v2\/product_tag?post=8535"},{"taxonomy":"iconos-de-productos","embeddable":true,"href":"https:\/\/www.niled.es\/en\/wp-json\/wp\/v2\/iconos-de-productos?post=8535"}],"curies":[{"name":"wp","href":"https:\/\/api.w.org\/{rel}","templated":true}]}}