{"id":8540,"date":"2023-09-18T20:02:35","date_gmt":"2023-09-18T20:02:35","guid":{"rendered":"https:\/\/www.niled.es\/?post_type=product&#038;p=8540"},"modified":"2024-05-21T10:19:04","modified_gmt":"2024-05-21T10:19:04","slug":"cav","status":"publish","type":"product","link":"https:\/\/www.niled.es\/en\/product\/cav\/","title":{"rendered":"CAV"},"content":{"rendered":"<p><strong>Cinta auto-vulcanizable<\/strong><br \/>\n<br \/>\n<\/br><\/p>\n<p>Producto basado en material elastom\u00e9rico EPR (etileno-propileno), de color negro, desarrollado especialmente para aplicaciones el\u00e9ctricas que requieran una elevada resistencia clim\u00e1tica y a la corrosi\u00f3n en ambientes marinos o de poluci\u00f3n industrial.<br \/>\n&#8211; Aislamiento de conexiones el\u00e9ctricas hasta 69 KV y protecci\u00f3n de superficies contra la corrosi\u00f3n.<\/p>","protected":false},"excerpt":{"rendered":"<p>Cinta auto-vulcanizable Producto basado en material elastom\u00e9rico EPR (etileno-propileno), de color negro, desarrollado especialmente para aplicaciones el\u00e9ctricas que requieran una elevada resistencia clim\u00e1tica y a la corrosi\u00f3n en ambientes marinos o de poluci\u00f3n industrial. &#8211; Aislamiento de conexiones el\u00e9ctricas hasta 69 KV y protecci\u00f3n de superficies contra la corrosi\u00f3n.<\/p>","protected":false},"featured_media":8544,"comment_status":"open","ping_status":"closed","template":"","meta":[],"product_brand":[],"product_cat":[89,109,213],"product_tag":[],"iconos-de-productos":[],"class_list":{"0":"post-8540","1":"product","2":"type-product","3":"status-publish","4":"has-post-thumbnail","6":"product_cat-accesorios","7":"product_cat-aislamiento","8":"product_cat-cintas","10":"first","11":"instock","12":"shipping-taxable","13":"product-type-simple"},"_links":{"self":[{"href":"https:\/\/www.niled.es\/en\/wp-json\/wp\/v2\/product\/8540","targetHints":{"allow":["GET"]}}],"collection":[{"href":"https:\/\/www.niled.es\/en\/wp-json\/wp\/v2\/product"}],"about":[{"href":"https:\/\/www.niled.es\/en\/wp-json\/wp\/v2\/types\/product"}],"replies":[{"embeddable":true,"href":"https:\/\/www.niled.es\/en\/wp-json\/wp\/v2\/comments?post=8540"}],"wp:featuredmedia":[{"embeddable":true,"href":"https:\/\/www.niled.es\/en\/wp-json\/wp\/v2\/media\/8544"}],"wp:attachment":[{"href":"https:\/\/www.niled.es\/en\/wp-json\/wp\/v2\/media?parent=8540"}],"wp:term":[{"taxonomy":"product_brand","embeddable":true,"href":"https:\/\/www.niled.es\/en\/wp-json\/wp\/v2\/product_brand?post=8540"},{"taxonomy":"product_cat","embeddable":true,"href":"https:\/\/www.niled.es\/en\/wp-json\/wp\/v2\/product_cat?post=8540"},{"taxonomy":"product_tag","embeddable":true,"href":"https:\/\/www.niled.es\/en\/wp-json\/wp\/v2\/product_tag?post=8540"},{"taxonomy":"iconos-de-productos","embeddable":true,"href":"https:\/\/www.niled.es\/en\/wp-json\/wp\/v2\/iconos-de-productos?post=8540"}],"curies":[{"name":"wp","href":"https:\/\/api.w.org\/{rel}","templated":true}]}}