{"id":8545,"date":"2023-09-18T20:12:49","date_gmt":"2023-09-18T20:12:49","guid":{"rendered":"https:\/\/www.niled.es\/?post_type=product&#038;p=8545"},"modified":"2024-05-21T10:22:11","modified_gmt":"2024-05-21T10:22:11","slug":"cl","status":"publish","type":"product","link":"https:\/\/www.niled.es\/en\/product\/cl\/","title":{"rendered":"CL"},"content":{"rendered":"<p><strong>CL-13: LLAVES AISLADAS<\/strong><br \/>\n<br \/>\n<\/br><br \/>\nLlaves aisladas modelo CL son el tipo reversible y est\u00e1n fabricadas en acero forjado protegido mediante un recubrimiento aislante de material sint\u00e9tico.<br \/>\n&#8211; Instalaci\u00f3n de conectores de derivaci\u00f3n en redes de baja tensi\u00f3n.<\/p>","protected":false},"excerpt":{"rendered":"<p>CL-13: LLAVES AISLADAS Llaves aisladas modelo CL son el tipo reversible y est\u00e1n fabricadas en acero forjado protegido mediante un recubrimiento aislante de material sint\u00e9tico. &#8211; Instalaci\u00f3n de conectores de derivaci\u00f3n en redes de baja tensi\u00f3n.<\/p>","protected":false},"featured_media":8546,"comment_status":"open","ping_status":"closed","template":"","meta":[],"product_brand":[],"product_cat":[89,110,214],"product_tag":[],"iconos-de-productos":[],"class_list":{"0":"post-8545","1":"product","2":"type-product","3":"status-publish","4":"has-post-thumbnail","6":"product_cat-accesorios","7":"product_cat-instalacion","8":"product_cat-herramientas-de-compresion","10":"first","11":"instock","12":"shipping-taxable","13":"product-type-simple"},"_links":{"self":[{"href":"https:\/\/www.niled.es\/en\/wp-json\/wp\/v2\/product\/8545","targetHints":{"allow":["GET"]}}],"collection":[{"href":"https:\/\/www.niled.es\/en\/wp-json\/wp\/v2\/product"}],"about":[{"href":"https:\/\/www.niled.es\/en\/wp-json\/wp\/v2\/types\/product"}],"replies":[{"embeddable":true,"href":"https:\/\/www.niled.es\/en\/wp-json\/wp\/v2\/comments?post=8545"}],"wp:featuredmedia":[{"embeddable":true,"href":"https:\/\/www.niled.es\/en\/wp-json\/wp\/v2\/media\/8546"}],"wp:attachment":[{"href":"https:\/\/www.niled.es\/en\/wp-json\/wp\/v2\/media?parent=8545"}],"wp:term":[{"taxonomy":"product_brand","embeddable":true,"href":"https:\/\/www.niled.es\/en\/wp-json\/wp\/v2\/product_brand?post=8545"},{"taxonomy":"product_cat","embeddable":true,"href":"https:\/\/www.niled.es\/en\/wp-json\/wp\/v2\/product_cat?post=8545"},{"taxonomy":"product_tag","embeddable":true,"href":"https:\/\/www.niled.es\/en\/wp-json\/wp\/v2\/product_tag?post=8545"},{"taxonomy":"iconos-de-productos","embeddable":true,"href":"https:\/\/www.niled.es\/en\/wp-json\/wp\/v2\/iconos-de-productos?post=8545"}],"curies":[{"name":"wp","href":"https:\/\/api.w.org\/{rel}","templated":true}]}}