{"id":8548,"date":"2023-09-18T20:14:43","date_gmt":"2023-09-18T20:14:43","guid":{"rendered":"https:\/\/www.niled.es\/?post_type=product&#038;p=8548"},"modified":"2024-10-04T11:11:08","modified_gmt":"2024-10-04T11:11:08","slug":"cm","status":"publish","type":"product","link":"https:\/\/www.niled.es\/en\/product\/cm\/","title":{"rendered":"CM"},"content":{"rendered":"<p><strong>LLAVE PARA CONECTORES MEC\u00c1NICOS<\/strong><br \/>\n<br \/><\/br><br \/>\nLa llave para conectores mec\u00e1nicos modelo CM esta fabricada en aleaci\u00f3n de aluminio con mango de sujeci\u00f3n en material sint\u00e9tico.<br \/>\n&#8211; Sujeci\u00f3n de conectores mec\u00e1nicos MET\/TTA durante el apriete.<\/p>","protected":false},"excerpt":{"rendered":"<p>LLAVE PARA CONECTORES MEC\u00c1NICOS La llave para conectores mec\u00e1nicos modelo CM esta fabricada en aleaci\u00f3n de aluminio con mango de sujeci\u00f3n en material sint\u00e9tico. &#8211; Sujeci\u00f3n de conectores mec\u00e1nicos MET\/TTA durante el apriete.<\/p>","protected":false},"featured_media":8937,"comment_status":"open","ping_status":"closed","template":"","meta":[],"product_brand":[],"product_cat":[214,89,110],"product_tag":[262],"iconos-de-productos":[],"class_list":{"0":"post-8548","1":"product","2":"type-product","3":"status-publish","4":"has-post-thumbnail","6":"product_cat-herramientas-de-compresion","7":"product_cat-accesorios","8":"product_cat-instalacion","9":"product_tag-cm","11":"first","12":"instock","13":"shipping-taxable","14":"product-type-simple"},"_links":{"self":[{"href":"https:\/\/www.niled.es\/en\/wp-json\/wp\/v2\/product\/8548","targetHints":{"allow":["GET"]}}],"collection":[{"href":"https:\/\/www.niled.es\/en\/wp-json\/wp\/v2\/product"}],"about":[{"href":"https:\/\/www.niled.es\/en\/wp-json\/wp\/v2\/types\/product"}],"replies":[{"embeddable":true,"href":"https:\/\/www.niled.es\/en\/wp-json\/wp\/v2\/comments?post=8548"}],"wp:featuredmedia":[{"embeddable":true,"href":"https:\/\/www.niled.es\/en\/wp-json\/wp\/v2\/media\/8937"}],"wp:attachment":[{"href":"https:\/\/www.niled.es\/en\/wp-json\/wp\/v2\/media?parent=8548"}],"wp:term":[{"taxonomy":"product_brand","embeddable":true,"href":"https:\/\/www.niled.es\/en\/wp-json\/wp\/v2\/product_brand?post=8548"},{"taxonomy":"product_cat","embeddable":true,"href":"https:\/\/www.niled.es\/en\/wp-json\/wp\/v2\/product_cat?post=8548"},{"taxonomy":"product_tag","embeddable":true,"href":"https:\/\/www.niled.es\/en\/wp-json\/wp\/v2\/product_tag?post=8548"},{"taxonomy":"iconos-de-productos","embeddable":true,"href":"https:\/\/www.niled.es\/en\/wp-json\/wp\/v2\/iconos-de-productos?post=8548"}],"curies":[{"name":"wp","href":"https:\/\/api.w.org\/{rel}","templated":true}]}}