{"id":8564,"date":"2023-09-18T20:38:43","date_gmt":"2023-09-18T20:38:43","guid":{"rendered":"https:\/\/www.niled.es\/?post_type=product&#038;p=8564"},"modified":"2024-05-21T11:27:13","modified_gmt":"2024-05-21T11:27:13","slug":"grips","status":"publish","type":"product","link":"https:\/\/www.niled.es\/en\/product\/grips\/","title":{"rendered":"Manguitos tensores"},"content":{"rendered":"<p><strong>GRIPS DE TENDIDO<\/strong><br \/>\n<br \/>\n<\/br><br \/>\nLos grips est\u00e1n fabricados en acero galvanizado de lata resistencia mec\u00e1nica y a la corrosi\u00f3n. Su principio de funcionamiento se basa en tensionar los cordones entrelazados.<br \/>\nTendido de redes con cables aislados.<\/p>","protected":false},"excerpt":{"rendered":"<p>GRIPS DE TENDIDO Los grips est\u00e1n fabricados en acero galvanizado de lata resistencia mec\u00e1nica y a la corrosi\u00f3n. Su principio de funcionamiento se basa en tensionar los cordones entrelazados. Tendido de redes con cables aislados.<\/p>","protected":false},"featured_media":8565,"comment_status":"open","ping_status":"closed","template":"","meta":[],"product_brand":[],"product_cat":[89,110,216],"product_tag":[261],"iconos-de-productos":[],"class_list":{"0":"post-8564","1":"product","2":"type-product","3":"status-publish","4":"has-post-thumbnail","6":"product_cat-accesorios","7":"product_cat-instalacion","8":"product_cat-tendido","9":"product_tag-g","11":"first","12":"instock","13":"shipping-taxable","14":"product-type-simple"},"_links":{"self":[{"href":"https:\/\/www.niled.es\/en\/wp-json\/wp\/v2\/product\/8564","targetHints":{"allow":["GET"]}}],"collection":[{"href":"https:\/\/www.niled.es\/en\/wp-json\/wp\/v2\/product"}],"about":[{"href":"https:\/\/www.niled.es\/en\/wp-json\/wp\/v2\/types\/product"}],"replies":[{"embeddable":true,"href":"https:\/\/www.niled.es\/en\/wp-json\/wp\/v2\/comments?post=8564"}],"wp:featuredmedia":[{"embeddable":true,"href":"https:\/\/www.niled.es\/en\/wp-json\/wp\/v2\/media\/8565"}],"wp:attachment":[{"href":"https:\/\/www.niled.es\/en\/wp-json\/wp\/v2\/media?parent=8564"}],"wp:term":[{"taxonomy":"product_brand","embeddable":true,"href":"https:\/\/www.niled.es\/en\/wp-json\/wp\/v2\/product_brand?post=8564"},{"taxonomy":"product_cat","embeddable":true,"href":"https:\/\/www.niled.es\/en\/wp-json\/wp\/v2\/product_cat?post=8564"},{"taxonomy":"product_tag","embeddable":true,"href":"https:\/\/www.niled.es\/en\/wp-json\/wp\/v2\/product_tag?post=8564"},{"taxonomy":"iconos-de-productos","embeddable":true,"href":"https:\/\/www.niled.es\/en\/wp-json\/wp\/v2\/iconos-de-productos?post=8564"}],"curies":[{"name":"wp","href":"https:\/\/api.w.org\/{rel}","templated":true}]}}