{"id":8570,"date":"2023-09-18T21:10:01","date_gmt":"2023-09-18T21:10:01","guid":{"rendered":"https:\/\/www.niled.es\/?post_type=product&#038;p=8570"},"modified":"2024-09-24T15:34:56","modified_gmt":"2024-09-24T15:34:56","slug":"f","status":"publish","type":"product","link":"https:\/\/www.niled.es\/en\/product\/f\/","title":{"rendered":"Fijaci\u00f3n"},"content":{"rendered":"<p><strong>FLEKE AC. INOX<\/strong> <br \/><\/br><br \/>\nEl fleje modelo F est\u00e1 fabricado en acero inoxidable ASI-301* \u201cskin pass\u201d y acabado brillante que se caracteriza por su alta resistencia mec\u00e1nica y a la corrosi\u00f3n.<br \/>\n&#8211; Fijaci\u00f3n de accesorios para redes a\u00e9reas de baja tensi\u00f3n.<\/p>","protected":false},"excerpt":{"rendered":"<p>FLEKE AC. INOX El fleje modelo F est\u00e1 fabricado en acero inoxidable ASI-301* \u201cskin pass\u201d y acabado brillante que se caracteriza por su alta resistencia mec\u00e1nica y a la corrosi\u00f3n. &#8211; Fijaci\u00f3n de accesorios para redes a\u00e9reas de baja tensi\u00f3n.<\/p>","protected":false},"featured_media":8571,"comment_status":"open","ping_status":"closed","template":"","meta":[],"product_brand":[],"product_cat":[89,111,218],"product_tag":[259],"iconos-de-productos":[],"class_list":{"0":"post-8570","1":"product","2":"type-product","3":"status-publish","4":"has-post-thumbnail","6":"product_cat-accesorios","7":"product_cat-fijacion","8":"product_cat-fleje-y-herramientas","9":"product_tag-f","11":"first","12":"instock","13":"shipping-taxable","14":"product-type-simple"},"_links":{"self":[{"href":"https:\/\/www.niled.es\/en\/wp-json\/wp\/v2\/product\/8570","targetHints":{"allow":["GET"]}}],"collection":[{"href":"https:\/\/www.niled.es\/en\/wp-json\/wp\/v2\/product"}],"about":[{"href":"https:\/\/www.niled.es\/en\/wp-json\/wp\/v2\/types\/product"}],"replies":[{"embeddable":true,"href":"https:\/\/www.niled.es\/en\/wp-json\/wp\/v2\/comments?post=8570"}],"wp:featuredmedia":[{"embeddable":true,"href":"https:\/\/www.niled.es\/en\/wp-json\/wp\/v2\/media\/8571"}],"wp:attachment":[{"href":"https:\/\/www.niled.es\/en\/wp-json\/wp\/v2\/media?parent=8570"}],"wp:term":[{"taxonomy":"product_brand","embeddable":true,"href":"https:\/\/www.niled.es\/en\/wp-json\/wp\/v2\/product_brand?post=8570"},{"taxonomy":"product_cat","embeddable":true,"href":"https:\/\/www.niled.es\/en\/wp-json\/wp\/v2\/product_cat?post=8570"},{"taxonomy":"product_tag","embeddable":true,"href":"https:\/\/www.niled.es\/en\/wp-json\/wp\/v2\/product_tag?post=8570"},{"taxonomy":"iconos-de-productos","embeddable":true,"href":"https:\/\/www.niled.es\/en\/wp-json\/wp\/v2\/iconos-de-productos?post=8570"}],"curies":[{"name":"wp","href":"https:\/\/api.w.org\/{rel}","templated":true}]}}