{"id":8589,"date":"2023-09-20T14:46:54","date_gmt":"2023-09-20T14:46:54","guid":{"rendered":"https:\/\/www.niled.es\/?post_type=product&#038;p=8589"},"modified":"2024-05-21T11:32:05","modified_gmt":"2024-05-21T11:32:05","slug":"pc","status":"publish","type":"product","link":"https:\/\/www.niled.es\/en\/product\/pc\/","title":{"rendered":"PC"},"content":{"rendered":"<p><strong>BASE PORTA-FUSIBLES<\/strong><br \/>\n<br \/>\n<\/br><br \/>\nLa base porta-fusibles PF esta constituida por un bloque desmontable, fabricado en material sint\u00e9tico, equipado con terminales de conexi\u00f3n bimet\u00e1licos.<br \/>\nProtecci\u00f3n el\u00e9ctrica de derivaciones en redes a\u00e9reas aisladas de baja tensi\u00f3n.<\/p>","protected":false},"excerpt":{"rendered":"<p>BASE PORTA-FUSIBLES La base porta-fusibles PF esta constituida por un bloque desmontable, fabricado en material sint\u00e9tico, equipado con terminales de conexi\u00f3n bimet\u00e1licos. Protecci\u00f3n el\u00e9ctrica de derivaciones en redes a\u00e9reas aisladas de baja tensi\u00f3n.<\/p>","protected":false},"featured_media":8590,"comment_status":"open","ping_status":"closed","template":"","meta":[],"product_brand":[],"product_cat":[89,112,227],"product_tag":[],"iconos-de-productos":[],"class_list":{"0":"post-8589","1":"product","2":"type-product","3":"status-publish","4":"has-post-thumbnail","6":"product_cat-accesorios","7":"product_cat-conexion-accesorios","8":"product_cat-sistemas-mt-cc","10":"first","11":"instock","12":"shipping-taxable","13":"product-type-simple"},"_links":{"self":[{"href":"https:\/\/www.niled.es\/en\/wp-json\/wp\/v2\/product\/8589","targetHints":{"allow":["GET"]}}],"collection":[{"href":"https:\/\/www.niled.es\/en\/wp-json\/wp\/v2\/product"}],"about":[{"href":"https:\/\/www.niled.es\/en\/wp-json\/wp\/v2\/types\/product"}],"replies":[{"embeddable":true,"href":"https:\/\/www.niled.es\/en\/wp-json\/wp\/v2\/comments?post=8589"}],"wp:featuredmedia":[{"embeddable":true,"href":"https:\/\/www.niled.es\/en\/wp-json\/wp\/v2\/media\/8590"}],"wp:attachment":[{"href":"https:\/\/www.niled.es\/en\/wp-json\/wp\/v2\/media?parent=8589"}],"wp:term":[{"taxonomy":"product_brand","embeddable":true,"href":"https:\/\/www.niled.es\/en\/wp-json\/wp\/v2\/product_brand?post=8589"},{"taxonomy":"product_cat","embeddable":true,"href":"https:\/\/www.niled.es\/en\/wp-json\/wp\/v2\/product_cat?post=8589"},{"taxonomy":"product_tag","embeddable":true,"href":"https:\/\/www.niled.es\/en\/wp-json\/wp\/v2\/product_tag?post=8589"},{"taxonomy":"iconos-de-productos","embeddable":true,"href":"https:\/\/www.niled.es\/en\/wp-json\/wp\/v2\/iconos-de-productos?post=8589"}],"curies":[{"name":"wp","href":"https:\/\/api.w.org\/{rel}","templated":true}]}}