{"id":8596,"date":"2023-09-20T15:00:39","date_gmt":"2023-09-20T15:00:39","guid":{"rendered":"https:\/\/www.niled.es\/?post_type=product&#038;p=8596"},"modified":"2024-05-21T11:37:08","modified_gmt":"2024-05-21T11:37:08","slug":"td","status":"publish","type":"product","link":"https:\/\/www.niled.es\/en\/product\/td\/","title":{"rendered":"TD"},"content":{"rendered":"<p><strong>TORNILLER\u00cdA DINAMOM\u00c9TRICA<\/strong><br \/>\n<br \/>\n<\/br><br \/>\nLa torniller\u00eda dinamom\u00e9trica mod. \u201cTD\u201d est\u00e1 fabricada en aleaci\u00f3n de aluminio de alta resistencia mec\u00e1nica y a la corrosi\u00f3n e incorpora un sistema de control del par de apriete aplicado. Opcionalmente, se puede suministrar con su correspondiente tuerca autoblocante y arandelas del mismo material.<br \/>\n&#8211; Fijaci\u00f3n de accesorios para instalaciones de prop\u00f3sito general.<\/p>","protected":false},"excerpt":{"rendered":"<p>TORNILLER\u00cdA DINAMOM\u00c9TRICA La torniller\u00eda dinamom\u00e9trica mod. \u201cTD\u201d est\u00e1 fabricada en aleaci\u00f3n de aluminio de alta resistencia mec\u00e1nica y a la corrosi\u00f3n e incorpora un sistema de control del par de apriete aplicado. Opcionalmente, se puede suministrar con su correspondiente tuerca autoblocante y arandelas del mismo material. &#8211; Fijaci\u00f3n de accesorios para instalaciones de prop\u00f3sito general.<\/p>","protected":false},"featured_media":8602,"comment_status":"open","ping_status":"closed","template":"","meta":[],"product_brand":[],"product_cat":[89,112,229],"product_tag":[],"iconos-de-productos":[],"class_list":{"0":"post-8596","1":"product","2":"type-product","3":"status-publish","4":"has-post-thumbnail","6":"product_cat-accesorios","7":"product_cat-conexion-accesorios","8":"product_cat-tornilleria-dinamometrica","10":"first","11":"instock","12":"shipping-taxable","13":"product-type-simple"},"_links":{"self":[{"href":"https:\/\/www.niled.es\/en\/wp-json\/wp\/v2\/product\/8596","targetHints":{"allow":["GET"]}}],"collection":[{"href":"https:\/\/www.niled.es\/en\/wp-json\/wp\/v2\/product"}],"about":[{"href":"https:\/\/www.niled.es\/en\/wp-json\/wp\/v2\/types\/product"}],"replies":[{"embeddable":true,"href":"https:\/\/www.niled.es\/en\/wp-json\/wp\/v2\/comments?post=8596"}],"wp:featuredmedia":[{"embeddable":true,"href":"https:\/\/www.niled.es\/en\/wp-json\/wp\/v2\/media\/8602"}],"wp:attachment":[{"href":"https:\/\/www.niled.es\/en\/wp-json\/wp\/v2\/media?parent=8596"}],"wp:term":[{"taxonomy":"product_brand","embeddable":true,"href":"https:\/\/www.niled.es\/en\/wp-json\/wp\/v2\/product_brand?post=8596"},{"taxonomy":"product_cat","embeddable":true,"href":"https:\/\/www.niled.es\/en\/wp-json\/wp\/v2\/product_cat?post=8596"},{"taxonomy":"product_tag","embeddable":true,"href":"https:\/\/www.niled.es\/en\/wp-json\/wp\/v2\/product_tag?post=8596"},{"taxonomy":"iconos-de-productos","embeddable":true,"href":"https:\/\/www.niled.es\/en\/wp-json\/wp\/v2\/iconos-de-productos?post=8596"}],"curies":[{"name":"wp","href":"https:\/\/api.w.org\/{rel}","templated":true}]}}