{"id":8597,"date":"2023-09-20T15:04:45","date_gmt":"2023-09-20T15:04:45","guid":{"rendered":"https:\/\/www.niled.es\/?post_type=product&#038;p=8597"},"modified":"2024-05-21T11:34:07","modified_gmt":"2024-05-21T11:34:07","slug":"pf","status":"publish","type":"product","link":"https:\/\/www.niled.es\/en\/product\/pf\/","title":{"rendered":"PF"},"content":{"rendered":"<p><strong>BASE PORTAFUSIBLES <\/strong><br \/>\n<br \/>\n<\/br><br \/>\nLa base portafusibles modelo PFT esta constituida en un bloque desmontable, fabricado en material sint\u00e9tico, equipado con terminales aislados de torniller\u00eda dinamom\u00e9trica para la conexi\u00f3n de los cables.<br \/>\nProtecci\u00f3n el\u00e9ctrica con fusibles GPV de cables fotovoltaicos.<\/p>","protected":false},"excerpt":{"rendered":"<p>BASE PORTAFUSIBLES La base portafusibles modelo PFT esta constituida en un bloque desmontable, fabricado en material sint\u00e9tico, equipado con terminales aislados de torniller\u00eda dinamom\u00e9trica para la conexi\u00f3n de los cables. Protecci\u00f3n el\u00e9ctrica con fusibles GPV de cables fotovoltaicos.<\/p>","protected":false},"featured_media":8598,"comment_status":"open","ping_status":"closed","template":"","meta":[],"product_brand":[],"product_cat":[89,112,230],"product_tag":[],"iconos-de-productos":[],"class_list":{"0":"post-8597","1":"product","2":"type-product","3":"status-publish","4":"has-post-thumbnail","6":"product_cat-accesorios","7":"product_cat-conexion-accesorios","8":"product_cat-bases-portafusibles","10":"first","11":"instock","12":"shipping-taxable","13":"product-type-simple"},"_links":{"self":[{"href":"https:\/\/www.niled.es\/en\/wp-json\/wp\/v2\/product\/8597","targetHints":{"allow":["GET"]}}],"collection":[{"href":"https:\/\/www.niled.es\/en\/wp-json\/wp\/v2\/product"}],"about":[{"href":"https:\/\/www.niled.es\/en\/wp-json\/wp\/v2\/types\/product"}],"replies":[{"embeddable":true,"href":"https:\/\/www.niled.es\/en\/wp-json\/wp\/v2\/comments?post=8597"}],"wp:featuredmedia":[{"embeddable":true,"href":"https:\/\/www.niled.es\/en\/wp-json\/wp\/v2\/media\/8598"}],"wp:attachment":[{"href":"https:\/\/www.niled.es\/en\/wp-json\/wp\/v2\/media?parent=8597"}],"wp:term":[{"taxonomy":"product_brand","embeddable":true,"href":"https:\/\/www.niled.es\/en\/wp-json\/wp\/v2\/product_brand?post=8597"},{"taxonomy":"product_cat","embeddable":true,"href":"https:\/\/www.niled.es\/en\/wp-json\/wp\/v2\/product_cat?post=8597"},{"taxonomy":"product_tag","embeddable":true,"href":"https:\/\/www.niled.es\/en\/wp-json\/wp\/v2\/product_tag?post=8597"},{"taxonomy":"iconos-de-productos","embeddable":true,"href":"https:\/\/www.niled.es\/en\/wp-json\/wp\/v2\/iconos-de-productos?post=8597"}],"curies":[{"name":"wp","href":"https:\/\/api.w.org\/{rel}","templated":true}]}}