{"id":8626,"date":"2023-09-28T09:44:55","date_gmt":"2023-09-28T09:44:55","guid":{"rendered":"https:\/\/www.niled.es\/?post_type=product&#038;p=8626"},"modified":"2023-11-13T16:49:46","modified_gmt":"2023-11-13T16:49:46","slug":"derivaciones-para-cables-subterraneos-bt","status":"publish","type":"product","link":"https:\/\/www.niled.es\/en\/product\/derivaciones-para-cables-subterraneos-bt\/","title":{"rendered":"Derivaciones para cables subterr\u00e1neos BT"},"content":{"rendered":"<p>Derivaciones en redes subterr\u00e1neas con cables de tensi\u00f3n asignada 0,6 KV con conectores Al\/Cu.<\/p>","protected":false},"excerpt":{"rendered":"<p>Derivaciones en redes subterr\u00e1neas con cables de tensi\u00f3n asignada 0,6 KV con conectores Al\/Cu.<\/p>","protected":false},"featured_media":8627,"comment_status":"open","ping_status":"closed","template":"","meta":[],"product_brand":[],"product_cat":[235,236,51],"product_tag":[251],"iconos-de-productos":[179,186,188,100,165,175],"class_list":{"0":"post-8626","1":"product","2":"type-product","3":"status-publish","4":"has-post-thumbnail","6":"product_cat-sistemas","7":"product_cat-derivaciones-sistemas","8":"product_cat-conexion","9":"product_tag-dps","10":"iconos-de-productos-perforacion-aislante","11":"iconos-de-productos-rv","12":"iconos-de-productos-tornilleria-sin-ptencial","13":"iconos-de-productos-ai-cu","14":"iconos-de-productos-control-del-par-de-apriete","15":"iconos-de-productos-ip","17":"first","18":"instock","19":"shipping-taxable","20":"product-type-simple"},"_links":{"self":[{"href":"https:\/\/www.niled.es\/en\/wp-json\/wp\/v2\/product\/8626","targetHints":{"allow":["GET"]}}],"collection":[{"href":"https:\/\/www.niled.es\/en\/wp-json\/wp\/v2\/product"}],"about":[{"href":"https:\/\/www.niled.es\/en\/wp-json\/wp\/v2\/types\/product"}],"replies":[{"embeddable":true,"href":"https:\/\/www.niled.es\/en\/wp-json\/wp\/v2\/comments?post=8626"}],"wp:featuredmedia":[{"embeddable":true,"href":"https:\/\/www.niled.es\/en\/wp-json\/wp\/v2\/media\/8627"}],"wp:attachment":[{"href":"https:\/\/www.niled.es\/en\/wp-json\/wp\/v2\/media?parent=8626"}],"wp:term":[{"taxonomy":"product_brand","embeddable":true,"href":"https:\/\/www.niled.es\/en\/wp-json\/wp\/v2\/product_brand?post=8626"},{"taxonomy":"product_cat","embeddable":true,"href":"https:\/\/www.niled.es\/en\/wp-json\/wp\/v2\/product_cat?post=8626"},{"taxonomy":"product_tag","embeddable":true,"href":"https:\/\/www.niled.es\/en\/wp-json\/wp\/v2\/product_tag?post=8626"},{"taxonomy":"iconos-de-productos","embeddable":true,"href":"https:\/\/www.niled.es\/en\/wp-json\/wp\/v2\/iconos-de-productos?post=8626"}],"curies":[{"name":"wp","href":"https:\/\/api.w.org\/{rel}","templated":true}]}}