{"id":8628,"date":"2023-09-28T10:07:55","date_gmt":"2023-09-28T10:07:55","guid":{"rendered":"https:\/\/www.niled.es\/?post_type=product&#038;p=8628"},"modified":"2023-09-28T10:07:55","modified_gmt":"2023-09-28T10:07:55","slug":"empalmes-para-cables-subterraneos-bt","status":"publish","type":"product","link":"https:\/\/www.niled.es\/en\/product\/empalmes-para-cables-subterraneos-bt\/","title":{"rendered":"Empalmes para cables subterr\u00e1neos BT."},"content":{"rendered":"<p>Empalmes en redes subterr\u00e1neas con cables de tensi\u00f3n asignada 0,6\/1KV con conductores Al.\/Cu.<\/p>","protected":false},"excerpt":{"rendered":"<p>Empalmes en redes subterr\u00e1neas con cables de tensi\u00f3n asignada 0,6\/1KV con conductores Al.\/Cu.<\/p>","protected":false},"featured_media":8629,"comment_status":"open","ping_status":"closed","template":"","meta":[],"product_brand":[],"product_cat":[146,148,51],"product_tag":[252],"iconos-de-productos":[100,165,175,186,188],"class_list":{"0":"post-8628","1":"product","2":"type-product","3":"status-publish","4":"has-post-thumbnail","6":"product_cat-empalmes","7":"product_cat-redes-subterraneas-b-t-m-t-empalmes","8":"product_cat-conexion","9":"product_tag-eps","10":"iconos-de-productos-ai-cu","11":"iconos-de-productos-control-del-par-de-apriete","12":"iconos-de-productos-ip","13":"iconos-de-productos-rv","14":"iconos-de-productos-tornilleria-sin-ptencial","16":"first","17":"instock","18":"shipping-taxable","19":"product-type-simple"},"_links":{"self":[{"href":"https:\/\/www.niled.es\/en\/wp-json\/wp\/v2\/product\/8628","targetHints":{"allow":["GET"]}}],"collection":[{"href":"https:\/\/www.niled.es\/en\/wp-json\/wp\/v2\/product"}],"about":[{"href":"https:\/\/www.niled.es\/en\/wp-json\/wp\/v2\/types\/product"}],"replies":[{"embeddable":true,"href":"https:\/\/www.niled.es\/en\/wp-json\/wp\/v2\/comments?post=8628"}],"wp:featuredmedia":[{"embeddable":true,"href":"https:\/\/www.niled.es\/en\/wp-json\/wp\/v2\/media\/8629"}],"wp:attachment":[{"href":"https:\/\/www.niled.es\/en\/wp-json\/wp\/v2\/media?parent=8628"}],"wp:term":[{"taxonomy":"product_brand","embeddable":true,"href":"https:\/\/www.niled.es\/en\/wp-json\/wp\/v2\/product_brand?post=8628"},{"taxonomy":"product_cat","embeddable":true,"href":"https:\/\/www.niled.es\/en\/wp-json\/wp\/v2\/product_cat?post=8628"},{"taxonomy":"product_tag","embeddable":true,"href":"https:\/\/www.niled.es\/en\/wp-json\/wp\/v2\/product_tag?post=8628"},{"taxonomy":"iconos-de-productos","embeddable":true,"href":"https:\/\/www.niled.es\/en\/wp-json\/wp\/v2\/iconos-de-productos?post=8628"}],"curies":[{"name":"wp","href":"https:\/\/api.w.org\/{rel}","templated":true}]}}