{"id":8632,"date":"2023-09-28T11:13:53","date_gmt":"2023-09-28T11:13:53","guid":{"rendered":"https:\/\/www.niled.es\/?post_type=product&#038;p=8632"},"modified":"2024-05-21T11:25:46","modified_gmt":"2024-05-21T11:25:46","slug":"grasa-neutra","status":"publish","type":"product","link":"https:\/\/www.niled.es\/en\/product\/grasa-neutra\/","title":{"rendered":"Grasa neutra"},"content":{"rendered":"<p><strong>GN: GRASA NEUTRA<\/strong><br \/>\n<br \/>\n<\/br><br \/>\nProducto basado en aceite sint\u00e9tico, de alta adherencia y poder anticorrosivo, que permite su aplicaci\u00f3n a la intemperie por sus propiedades de resistencia al agua y estanqueidad.<br \/>\nProtecci\u00f3n de superficies de contacto en conexiones el\u00e9ctricas.<\/p>","protected":false},"excerpt":{"rendered":"<p>GN: GRASA NEUTRA Producto basado en aceite sint\u00e9tico, de alta adherencia y poder anticorrosivo, que permite su aplicaci\u00f3n a la intemperie por sus propiedades de resistencia al agua y estanqueidad. Protecci\u00f3n de superficies de contacto en conexiones el\u00e9ctricas.<\/p>","protected":false},"featured_media":8633,"comment_status":"open","ping_status":"closed","template":"","meta":[],"product_brand":[],"product_cat":[89,109,212],"product_tag":[254],"iconos-de-productos":[],"class_list":{"0":"post-8632","1":"product","2":"type-product","3":"status-publish","4":"has-post-thumbnail","6":"product_cat-accesorios","7":"product_cat-aislamiento","8":"product_cat-grasa-nideal","9":"product_tag-gn","11":"first","12":"instock","13":"shipping-taxable","14":"product-type-simple"},"_links":{"self":[{"href":"https:\/\/www.niled.es\/en\/wp-json\/wp\/v2\/product\/8632","targetHints":{"allow":["GET"]}}],"collection":[{"href":"https:\/\/www.niled.es\/en\/wp-json\/wp\/v2\/product"}],"about":[{"href":"https:\/\/www.niled.es\/en\/wp-json\/wp\/v2\/types\/product"}],"replies":[{"embeddable":true,"href":"https:\/\/www.niled.es\/en\/wp-json\/wp\/v2\/comments?post=8632"}],"wp:featuredmedia":[{"embeddable":true,"href":"https:\/\/www.niled.es\/en\/wp-json\/wp\/v2\/media\/8633"}],"wp:attachment":[{"href":"https:\/\/www.niled.es\/en\/wp-json\/wp\/v2\/media?parent=8632"}],"wp:term":[{"taxonomy":"product_brand","embeddable":true,"href":"https:\/\/www.niled.es\/en\/wp-json\/wp\/v2\/product_brand?post=8632"},{"taxonomy":"product_cat","embeddable":true,"href":"https:\/\/www.niled.es\/en\/wp-json\/wp\/v2\/product_cat?post=8632"},{"taxonomy":"product_tag","embeddable":true,"href":"https:\/\/www.niled.es\/en\/wp-json\/wp\/v2\/product_tag?post=8632"},{"taxonomy":"iconos-de-productos","embeddable":true,"href":"https:\/\/www.niled.es\/en\/wp-json\/wp\/v2\/iconos-de-productos?post=8632"}],"curies":[{"name":"wp","href":"https:\/\/api.w.org\/{rel}","templated":true}]}}