{"id":8848,"date":"2024-09-26T10:15:32","date_gmt":"2024-09-26T10:15:32","guid":{"rendered":"https:\/\/www.niled.es\/?post_type=product&#038;p=8848"},"modified":"2025-10-01T09:17:05","modified_gmt":"2025-10-01T09:17:05","slug":"mtp-k2","status":"publish","type":"product","link":"https:\/\/www.niled.es\/en\/product\/mtp-k2\/","title":{"rendered":"MTP-K2"},"content":{"rendered":"<p>Manguitos \u00abh\u00edbrid<\/p>\n<p>Manguitos \u201ch\u00edbridos\u201d por torniller\u00eda para cable flexible (clase 5) y cable r\u00edgido (clase 2) para redes industriales y subterr\u00e1neas de B.T.<\/p>\n<p>Modelos K2: Manguitos de transici\u00f3n (bimet\u00e1licos) con conductores S1 (clase 2) y S2 (clase 5).<\/p>","protected":false},"excerpt":{"rendered":"<p>Manguitos \u00abh\u00edbrid Manguitos \u201ch\u00edbridos\u201d por torniller\u00eda para cable flexible (clase 5) y cable r\u00edgido (clase 2) para redes industriales y subterr\u00e1neas de B.T. Modelos K2: Manguitos de transici\u00f3n (bimet\u00e1licos) con conductores S1 (clase 2) y S2 (clase 5).<\/p>","protected":false},"featured_media":9040,"comment_status":"open","ping_status":"closed","template":"","meta":[],"product_brand":[],"product_cat":[51],"product_tag":[],"iconos-de-productos":[],"class_list":{"0":"post-8848","1":"product","2":"type-product","3":"status-publish","4":"has-post-thumbnail","6":"product_cat-conexion","8":"first","9":"instock","10":"shipping-taxable","11":"product-type-simple"},"_links":{"self":[{"href":"https:\/\/www.niled.es\/en\/wp-json\/wp\/v2\/product\/8848","targetHints":{"allow":["GET"]}}],"collection":[{"href":"https:\/\/www.niled.es\/en\/wp-json\/wp\/v2\/product"}],"about":[{"href":"https:\/\/www.niled.es\/en\/wp-json\/wp\/v2\/types\/product"}],"replies":[{"embeddable":true,"href":"https:\/\/www.niled.es\/en\/wp-json\/wp\/v2\/comments?post=8848"}],"wp:featuredmedia":[{"embeddable":true,"href":"https:\/\/www.niled.es\/en\/wp-json\/wp\/v2\/media\/9040"}],"wp:attachment":[{"href":"https:\/\/www.niled.es\/en\/wp-json\/wp\/v2\/media?parent=8848"}],"wp:term":[{"taxonomy":"product_brand","embeddable":true,"href":"https:\/\/www.niled.es\/en\/wp-json\/wp\/v2\/product_brand?post=8848"},{"taxonomy":"product_cat","embeddable":true,"href":"https:\/\/www.niled.es\/en\/wp-json\/wp\/v2\/product_cat?post=8848"},{"taxonomy":"product_tag","embeddable":true,"href":"https:\/\/www.niled.es\/en\/wp-json\/wp\/v2\/product_tag?post=8848"},{"taxonomy":"iconos-de-productos","embeddable":true,"href":"https:\/\/www.niled.es\/en\/wp-json\/wp\/v2\/iconos-de-productos?post=8848"}],"curies":[{"name":"wp","href":"https:\/\/api.w.org\/{rel}","templated":true}]}}