{"id":8943,"date":"2024-05-21T11:41:04","date_gmt":"2024-05-21T11:41:04","guid":{"rendered":"https:\/\/www.niled.es\/?post_type=product&#038;p=8943"},"modified":"2024-10-04T11:23:40","modified_gmt":"2024-10-04T11:23:40","slug":"tp","status":"publish","type":"product","link":"https:\/\/www.niled.es\/en\/product\/tp\/","title":{"rendered":"TP"},"content":{"rendered":"<p><strong>TORNILLER\u00cdA DE FIJACI\u00d3N SOBRE POSTES<\/strong><br \/>\n<br \/><\/br><br \/>\nLa torniller\u00eda de fijaci\u00f3n mod. \u201cTP\u201d est\u00e1 compuesta por un tornillo de cabeza hexagonal con tuerca y arandela, fabricados en acero de alta resistencia mec\u00e1nica protegido contra la corrosi\u00f3n.<br \/>\nFijaci\u00f3n de soportes de amarre y suspensi\u00f3n para redes a\u00e9reas de baja tensi\u00f3n tendidas sobre postes.<\/p>","protected":false},"excerpt":{"rendered":"<p>TORNILLER\u00cdA DE FIJACI\u00d3N SOBRE POSTES La torniller\u00eda de fijaci\u00f3n mod. \u201cTP\u201d est\u00e1 compuesta por un tornillo de cabeza hexagonal con tuerca y arandela, fabricados en acero de alta resistencia mec\u00e1nica protegido contra la corrosi\u00f3n. Fijaci\u00f3n de soportes de amarre y suspensi\u00f3n para redes a\u00e9reas de baja tensi\u00f3n tendidas sobre postes.<\/p>","protected":false},"featured_media":8573,"comment_status":"open","ping_status":"closed","template":"","meta":[],"product_brand":[],"product_cat":[89,111,219],"product_tag":[258],"iconos-de-productos":[187],"class_list":{"0":"post-8943","1":"product","2":"type-product","3":"status-publish","4":"has-post-thumbnail","6":"product_cat-accesorios","7":"product_cat-fijacion","8":"product_cat-tornilleria","9":"product_tag-tf-p","10":"iconos-de-productos-rz","12":"first","13":"instock","14":"shipping-taxable","15":"product-type-simple"},"_links":{"self":[{"href":"https:\/\/www.niled.es\/en\/wp-json\/wp\/v2\/product\/8943","targetHints":{"allow":["GET"]}}],"collection":[{"href":"https:\/\/www.niled.es\/en\/wp-json\/wp\/v2\/product"}],"about":[{"href":"https:\/\/www.niled.es\/en\/wp-json\/wp\/v2\/types\/product"}],"replies":[{"embeddable":true,"href":"https:\/\/www.niled.es\/en\/wp-json\/wp\/v2\/comments?post=8943"}],"wp:featuredmedia":[{"embeddable":true,"href":"https:\/\/www.niled.es\/en\/wp-json\/wp\/v2\/media\/8573"}],"wp:attachment":[{"href":"https:\/\/www.niled.es\/en\/wp-json\/wp\/v2\/media?parent=8943"}],"wp:term":[{"taxonomy":"product_brand","embeddable":true,"href":"https:\/\/www.niled.es\/en\/wp-json\/wp\/v2\/product_brand?post=8943"},{"taxonomy":"product_cat","embeddable":true,"href":"https:\/\/www.niled.es\/en\/wp-json\/wp\/v2\/product_cat?post=8943"},{"taxonomy":"product_tag","embeddable":true,"href":"https:\/\/www.niled.es\/en\/wp-json\/wp\/v2\/product_tag?post=8943"},{"taxonomy":"iconos-de-productos","embeddable":true,"href":"https:\/\/www.niled.es\/en\/wp-json\/wp\/v2\/iconos-de-productos?post=8943"}],"curies":[{"name":"wp","href":"https:\/\/api.w.org\/{rel}","templated":true}]}}